{"id":57,"date":"2024-02-27T12:27:22","date_gmt":"2024-02-27T12:27:22","guid":{"rendered":"https:\/\/oscarmardones.com\/?page_id=57"},"modified":"2024-03-01T01:50:51","modified_gmt":"2024-03-01T01:50:51","slug":"mision-y-vision","status":"publish","type":"page","link":"https:\/\/cdpialeman.cl\/?page_id=57","title":{"rendered":"Misi\u00f3n y Visi\u00f3n"},"content":{"rendered":"\n<h1 class=\"wp-block-heading\"><mark style=\"background-color:rgba(0, 0, 0, 0)\" class=\"has-inline-color has-vivid-red-color\">#TODOSSOMOSCOMUNIDAD<\/mark><\/h1>\n\n\n\n<p><strong>VISI\u00d3N:<\/strong><br>Mantener los espacios de integraci\u00f3n, manteniendo activa la participaci\u00f3n y<br>comunicaci\u00f3n que una m\u00e1s a las familias que integran nuestra comunidad, con las<br>actividades de nuestros hijos, promoviendo siempre el v\u00ednculo familia \u2013 colegio.<\/p>\n\n\n\n<p><br><strong>MISION:<\/strong><br>Apoyar activamente el logro del proyecto educativo, apoyar y buscar la forma de<br>mejorar el deportivo general del colegio, aportando iniciativas concretas y<br>trabajando en equipo para el bienestar de nuestros hijos y toda la comunidad<br>educativa. A trav\u00e9s de la promoci\u00f3n de distintas actividades que convoquen la<br>participaci\u00f3n familiar, aportar significativamente a la formaci\u00f3n integral de<br>nuestros hijos que debe considerar su desarrollo acad\u00e9mico, afectivo y \u00e9tico.<\/p>\n\n\n\n<p><br><strong>OBJETIVOS:<\/strong><\/p>\n\n\n\n<ol class=\"wp-block-list\">\n<li>Dar continuidad al programa del CDP anterior.<\/li>\n\n\n\n<li>Representar a madres, padres y apoderados siendo un interlocutor eficaz y<br>eficiente con la Direcci\u00f3n de nuestro colegio.<\/li>\n\n\n\n<li>Realizaci\u00f3n de actividades que proyecten acciones hacia la comunidad local,<br>de manera de crear alianzas enriquecedoras que contribuyan al bienestar de<br>nuestros hijos. Replicar actividades ya realizadas con mejoras y apoyo<br>constante al colegio.<\/li>\n\n\n\n<li>Potenciar acciones que apunten a promover la adopci\u00f3n y puesta en pr\u00e1ctica<br>de los valores gu\u00eda de nuestra instituci\u00f3n, que son la responsabilidad, el respeto,<br>la solidaridad, la creatividad, la honestidad y la perseverancia.<\/li>\n\n\n\n<li>Fomentar actividades deportivas, recreativas y culturales que busquen y<br>promuevan la participaci\u00f3n de la comunidad escolar y sus familias. B\u00fasqueda<br>de crear nuevos espacios para el desarrollo constante del deporte.<br><br><\/li>\n<\/ol>\n\n\n\n<ol class=\"wp-block-list\">\n<li><strong>ALCANCES DEL PLAN DE TRABAJO:<\/strong><br>Se establece para la gesti\u00f3n y direcci\u00f3n del Centro de Padres, las siguientes<br>actividades y proyectos:<\/li>\n\n\n\n<li>Del actual programa y funcionamiento de la Directiva del Centro de Padres<br>a. Organizar, revisar y adoptar cambios en los objetivos del Centro de Padres,<br>si fuese necesario. Tanto en formato de directiva y estatutos.<br>b. Buscar y analizar propuestas de mejora continua en el funcionamiento del<br>Centro de Padres.<\/li>\n\n\n\n<li>Actividades con los Padres, Apoderados y Comunidad Educativa:<br>a. Desarrollo de actividades y proyectos que acerquen a los apoderados al<br>colegio, promuevan su participaci\u00f3n y reencanten a los apoderados con<br>el Centro de Padres.<br>b. Elaborar informes, estados de cuenta y balances, entre otros, para<br>presentar en las Asambleas.<br>c. Proponer y organizar charlas informativas, capacitaciones y actividades de<br>extensi\u00f3n, que sean de inter\u00e9s de los padres delegados de curso, para<br>desarrollar durante las asambleas.<\/li>\n\n\n\n<li>Apoyo al colegio y su Proyecto Educativo<br>a. Apoyar actividades, proyectos, campa\u00f1as, etc\u2026 en que el colegio solicite<br>la cooperaci\u00f3n del CDP. Tanto as\u00ed de alumnos, funcionarios y comunidad<br>en general.<br>b. Desarrollar propuestas para mejorar instancias deportivas y actividades<br>complementarias para nuestros hijos.<br>c. Desarrollar y poner en pr\u00e1ctica un plan de cooperaci\u00f3n mutua con la<br>Direcci\u00f3n, a modo de contribuir a mejorar la calidad de la estad\u00eda de los<br>alumnos en el establecimiento, monitoreando permanentemente y<br>canalizando inquietudes que los apoderados puedan manifestar.<br>d. Mantener mediante reuniones, un v\u00ednculo permanente con el colegio, para<br>el cumplimiento de los objetivos del Centro de Padres y proponer lo<br>necesario para buscar en conjunto la mejor soluci\u00f3n de problemas que se<br>puedan presentar.<br>e. Monitorear y evaluar constantemente la seguridad referente a nuestros<br>hijos. Apoyando en encontrar las mejores soluciones y directrices para el<br>\u00f3ptimo funcionamiento, siempre priorizando el bienestar de la integridad<br>escolar, adecuando protocolos y generando distintas acciones cuando<br>fuese necesario.<\/li>\n\n\n\n<li>Apoyo y participaci\u00f3n en campa\u00f1as solidarias<br>a. Continuidad a actual plan de Acci\u00f3n Social y evaluaci\u00f3n de nuevos<br>proyectos que incorporen activamente a alumnos y familias<br>pertenecientes a todos los ciclos del colegio.<\/li>\n<\/ol>\n\n\n\n<p><strong>PROYECTOS:<\/strong><\/p>\n\n\n\n<ul class=\"wp-block-list\">\n<li>Evaluar la posibilidad de implementaci\u00f3n de espacios para el mejor<br>desarrollo deportivo y de recreaci\u00f3n de nuestros hijos.<\/li>\n\n\n\n<li>Ampliar oferta deportiva para que los alumnos tengan la opci\u00f3n de conocer<br>nuevas disciplinas.<\/li>\n\n\n\n<li>Creaci\u00f3n de un flujo web para la comunicaci\u00f3n directa y fluida<br>\u201capoderados\/colegio\u201d<\/li>\n\n\n\n<li>Crear instancias para potenciar Club Deportivo del Colegio, actividades<br>extraprogram\u00e1ticas y cuantas instancias sean necesarias.<br><\/li>\n\n\n\n<li>\u201cTenemos la firme convicci\u00f3n que como apoderados somos los primeros<br>educadores de nuestros hijos. Es por ello por lo que sentimos el deber de<br>contribuir en el proyecto educativo de nuestro colegio y apoyar la<br>formaci\u00f3n integral de nuestros hijos\u2026 S\u00f3lo as\u00ed estaremos favoreciendo la<br>entrega de personas \u00edntegras, conscientes y felices a la sociedad del<br>futuro\u00bb.<\/li>\n<\/ul>\n\n\n\n<p>Representamos a los padres y apoderados con las autoridades de nuestro Colegio, manteniendo siempre un trabajo coordinado y colaborativo que nos permita construir una educaci\u00f3n integral de nuestros hijos dentro del marco de principios y valores de nuestra Instituci\u00f3n.<\/p>\n\n\n\n<div data-wp-interactive=\"core\/file\" class=\"wp-block-file\"><object data-wp-bind--hidden=\"!state.hasPdfPreview\" hidden class=\"wp-block-file__embed\" data=\"https:\/\/oscarmardones.com\/wp-content\/uploads\/2024\/03\/CENTRO-DE-PADRES-2024-PROYECTO_231010_113755.pdf\" type=\"application\/pdf\" style=\"width:100%;height:600px\" aria-label=\"Incrustado de CENTRO-DE-PADRES-2024-PROYECTO_231010_113755.\"><\/object><a id=\"wp-block-file--media-2b04bdfa-83ba-422d-8fa5-a139fd1786f1\" href=\"https:\/\/oscarmardones.com\/wp-content\/uploads\/2024\/03\/CENTRO-DE-PADRES-2024-PROYECTO_231010_113755.pdf\">CENTRO-DE-PADRES-2024-PROYECTO_231010_113755<\/a><a href=\"https:\/\/oscarmardones.com\/wp-content\/uploads\/2024\/03\/CENTRO-DE-PADRES-2024-PROYECTO_231010_113755.pdf\" class=\"wp-block-file__button wp-element-button\" download aria-describedby=\"wp-block-file--media-2b04bdfa-83ba-422d-8fa5-a139fd1786f1\">Descarga<\/a><\/div>\n","protected":false},"excerpt":{"rendered":"<p>#TODOSSOMOSCOMUNIDAD VISI\u00d3N:Mantener los espacios de integraci\u00f3n, manteniendo activa la participaci\u00f3n ycomunicaci\u00f3n que una m\u00e1s a las familias que integran nuestra comunidad, con lasactividades de nuestros hijos, promoviendo siempre el v\u00ednculo familia \u2013 colegio. MISION:Apoyar activamente el logro del proyecto educativo, apoyar y buscar la forma demejorar el deportivo general del&hellip;<\/p>\n","protected":false},"author":1,"featured_media":0,"parent":0,"menu_order":0,"comment_status":"closed","ping_status":"closed","template":"","meta":{"footnotes":""},"class_list":["post-57","page","type-page","status-publish","hentry"],"_links":{"self":[{"href":"https:\/\/cdpialeman.cl\/index.php?rest_route=\/wp\/v2\/pages\/57","targetHints":{"allow":["GET"]}}],"collection":[{"href":"https:\/\/cdpialeman.cl\/index.php?rest_route=\/wp\/v2\/pages"}],"about":[{"href":"https:\/\/cdpialeman.cl\/index.php?rest_route=\/wp\/v2\/types\/page"}],"author":[{"embeddable":true,"href":"https:\/\/cdpialeman.cl\/index.php?rest_route=\/wp\/v2\/users\/1"}],"replies":[{"embeddable":true,"href":"https:\/\/cdpialeman.cl\/index.php?rest_route=%2Fwp%2Fv2%2Fcomments&post=57"}],"version-history":[{"count":4,"href":"https:\/\/cdpialeman.cl\/index.php?rest_route=\/wp\/v2\/pages\/57\/revisions"}],"predecessor-version":[{"id":442,"href":"https:\/\/cdpialeman.cl\/index.php?rest_route=\/wp\/v2\/pages\/57\/revisions\/442"}],"wp:attachment":[{"href":"https:\/\/cdpialeman.cl\/index.php?rest_route=%2Fwp%2Fv2%2Fmedia&parent=57"}],"curies":[{"name":"wp","href":"https:\/\/api.w.org\/{rel}","templated":true}]}}