{"id":51,"date":"2024-02-27T12:21:00","date_gmt":"2024-02-27T12:21:00","guid":{"rendered":"https:\/\/oscarmardones.com\/?page_id=51"},"modified":"2024-03-22T20:13:07","modified_gmt":"2024-03-22T20:13:07","slug":"equipo","status":"publish","type":"page","link":"https:\/\/cdpialeman.cl\/?page_id=51","title":{"rendered":"Equipo"},"content":{"rendered":"\n<h1 class=\"wp-block-heading has-text-align-center\"><strong><mark style=\"background-color:rgba(0, 0, 0, 0)\" class=\"has-inline-color has-vivid-red-color\">Elternverband<\/mark><\/strong><\/h1>\n\n\n<div class=\"wp-block-image\">\n<figure class=\"aligncenter size-full is-resized\"><img loading=\"lazy\" decoding=\"async\" width=\"300\" height=\"300\" src=\"https:\/\/oscarmardones.com\/wp-content\/uploads\/2024\/02\/Logo-1.png\" alt=\"\" class=\"wp-image-203\" style=\"width:435px;height:auto\" srcset=\"https:\/\/cdpialeman.cl\/wp-content\/uploads\/2024\/02\/Logo-1.png 300w, https:\/\/cdpialeman.cl\/wp-content\/uploads\/2024\/02\/Logo-1-150x150.png 150w\" sizes=\"auto, (max-width: 300px) 100vw, 300px\" \/><\/figure>\n<\/div>\n\n\n<h2 class=\"wp-block-heading has-text-align-center\">Integrantes Centro General de Padres 2023-2025<\/h2>\n\n\n\n<div class=\"wp-block-group\"><div class=\"wp-block-group__inner-container is-layout-constrained wp-block-group-is-layout-constrained\">\n<div class=\"wp-block-columns is-layout-flex wp-container-core-columns-is-layout-9d6595d7 wp-block-columns-is-layout-flex\">\n<div class=\"wp-block-column is-layout-flow wp-block-column-is-layout-flow\" style=\"flex-basis:100%\"><div class=\"wp-block-image\">\n<figure class=\"aligncenter size-full\"><img loading=\"lazy\" decoding=\"async\" width=\"1102\" height=\"600\" src=\"https:\/\/cdpialeman.cl\/wp-content\/uploads\/2024\/03\/Imagen.png\" alt=\"\" class=\"wp-image-533\" srcset=\"https:\/\/cdpialeman.cl\/wp-content\/uploads\/2024\/03\/Imagen.png 1102w, https:\/\/cdpialeman.cl\/wp-content\/uploads\/2024\/03\/Imagen-300x163.png 300w, https:\/\/cdpialeman.cl\/wp-content\/uploads\/2024\/03\/Imagen-1024x558.png 1024w, https:\/\/cdpialeman.cl\/wp-content\/uploads\/2024\/03\/Imagen-768x418.png 768w\" sizes=\"auto, (max-width: 1102px) 100vw, 1102px\" \/><\/figure>\n<\/div><\/div>\n<\/div>\n\n\n\n<h2 class=\"wp-block-heading has-text-align-center\">Rodrigo M\u00fcller N.<\/h2>\n\n\n\n<h2 class=\"wp-block-heading has-text-align-center\">PRESIDENTE<\/h2>\n<\/div><\/div>\n\n\n<div class=\"wp-block-image\">\n<figure class=\"aligncenter size-full\"><img loading=\"lazy\" decoding=\"async\" width=\"300\" height=\"300\" src=\"https:\/\/oscarmardones.com\/wp-content\/uploads\/2024\/02\/Imagen3.png\" alt=\"\" class=\"wp-image-167\" srcset=\"https:\/\/cdpialeman.cl\/wp-content\/uploads\/2024\/02\/Imagen3.png 300w, https:\/\/cdpialeman.cl\/wp-content\/uploads\/2024\/02\/Imagen3-150x150.png 150w\" sizes=\"auto, (max-width: 300px) 100vw, 300px\" \/><\/figure>\n<\/div>\n\n\n<h2 class=\"wp-block-heading has-text-align-center\">Nelson Vera I.<\/h2>\n\n\n\n<h2 class=\"wp-block-heading has-text-align-center\">VICEPRESIDENTE<\/h2>\n\n\n<div class=\"wp-block-image\">\n<figure class=\"aligncenter size-full\"><img loading=\"lazy\" decoding=\"async\" width=\"300\" height=\"300\" src=\"https:\/\/oscarmardones.com\/wp-content\/uploads\/2024\/02\/Imagen4.png\" alt=\"\" class=\"wp-image-168\" srcset=\"https:\/\/cdpialeman.cl\/wp-content\/uploads\/2024\/02\/Imagen4.png 300w, https:\/\/cdpialeman.cl\/wp-content\/uploads\/2024\/02\/Imagen4-150x150.png 150w\" sizes=\"auto, (max-width: 300px) 100vw, 300px\" \/><\/figure>\n<\/div>\n\n\n<h2 class=\"wp-block-heading has-text-align-center\">Oscar Mardones K.<\/h2>\n\n\n\n<h2 class=\"wp-block-heading has-text-align-center\">SECRETARIO<\/h2>\n\n\n<div class=\"wp-block-image\">\n<figure class=\"aligncenter size-full\"><img loading=\"lazy\" decoding=\"async\" width=\"300\" height=\"300\" src=\"https:\/\/oscarmardones.com\/wp-content\/uploads\/2024\/02\/Imagen5.png\" alt=\"\" class=\"wp-image-169\" srcset=\"https:\/\/cdpialeman.cl\/wp-content\/uploads\/2024\/02\/Imagen5.png 300w, https:\/\/cdpialeman.cl\/wp-content\/uploads\/2024\/02\/Imagen5-150x150.png 150w\" sizes=\"auto, (max-width: 300px) 100vw, 300px\" \/><\/figure>\n<\/div>\n\n\n<h2 class=\"wp-block-heading has-text-align-center\">Any Luz Garc\u00eda H.<\/h2>\n\n\n\n<h2 class=\"wp-block-heading has-text-align-center\">TESORERA<\/h2>\n\n\n<div class=\"wp-block-image\">\n<figure class=\"aligncenter size-full\"><img loading=\"lazy\" decoding=\"async\" width=\"300\" height=\"300\" src=\"https:\/\/oscarmardones.com\/wp-content\/uploads\/2024\/02\/Imagen7.png\" alt=\"\" class=\"wp-image-171\" srcset=\"https:\/\/cdpialeman.cl\/wp-content\/uploads\/2024\/02\/Imagen7.png 300w, https:\/\/cdpialeman.cl\/wp-content\/uploads\/2024\/02\/Imagen7-150x150.png 150w\" sizes=\"auto, (max-width: 300px) 100vw, 300px\" \/><\/figure>\n<\/div>\n\n\n<h2 class=\"wp-block-heading has-text-align-center\">Brigitte L\u00fctty V.<\/h2>\n\n\n\n<h2 class=\"wp-block-heading has-text-align-center\">PRIMERA DIRECTORA<\/h2>\n\n\n<div class=\"wp-block-image\">\n<figure class=\"aligncenter size-full\"><img loading=\"lazy\" decoding=\"async\" width=\"300\" height=\"300\" src=\"https:\/\/oscarmardones.com\/wp-content\/uploads\/2024\/02\/Imagen8.png\" alt=\"\" class=\"wp-image-172\" srcset=\"https:\/\/cdpialeman.cl\/wp-content\/uploads\/2024\/02\/Imagen8.png 300w, https:\/\/cdpialeman.cl\/wp-content\/uploads\/2024\/02\/Imagen8-150x150.png 150w\" sizes=\"auto, (max-width: 300px) 100vw, 300px\" \/><\/figure>\n<\/div>\n\n\n<h2 class=\"wp-block-heading has-text-align-center\">Paulina Brandt S.<\/h2>\n\n\n\n<h2 class=\"wp-block-heading has-text-align-center\">SEGUNDA DIRECTORA<\/h2>\n\n\n<div class=\"wp-block-image\">\n<figure class=\"aligncenter size-full\"><img loading=\"lazy\" decoding=\"async\" width=\"300\" height=\"300\" src=\"https:\/\/oscarmardones.com\/wp-content\/uploads\/2024\/02\/Imagen9.png\" alt=\"\" class=\"wp-image-173\" srcset=\"https:\/\/cdpialeman.cl\/wp-content\/uploads\/2024\/02\/Imagen9.png 300w, https:\/\/cdpialeman.cl\/wp-content\/uploads\/2024\/02\/Imagen9-150x150.png 150w\" sizes=\"auto, (max-width: 300px) 100vw, 300px\" \/><\/figure>\n<\/div>\n\n\n<h2 class=\"wp-block-heading has-text-align-center\">Mario Vera C.<\/h2>\n\n\n\n<h2 class=\"wp-block-heading has-text-align-center\">TERCER DIRECTOR<\/h2>\n","protected":false},"excerpt":{"rendered":"<p>Elternverband Integrantes Centro General de Padres 2023-2025 Rodrigo M\u00fcller N. PRESIDENTE Nelson Vera I. VICEPRESIDENTE Oscar Mardones K. SECRETARIO Any Luz Garc\u00eda H. TESORERA Brigitte L\u00fctty V. PRIMERA DIRECTORA Paulina Brandt S. SEGUNDA DIRECTORA Mario Vera C. TERCER DIRECTOR<\/p>\n","protected":false},"author":1,"featured_media":0,"parent":0,"menu_order":0,"comment_status":"closed","ping_status":"closed","template":"","meta":{"footnotes":""},"class_list":["post-51","page","type-page","status-publish","hentry"],"_links":{"self":[{"href":"https:\/\/cdpialeman.cl\/index.php?rest_route=\/wp\/v2\/pages\/51","targetHints":{"allow":["GET"]}}],"collection":[{"href":"https:\/\/cdpialeman.cl\/index.php?rest_route=\/wp\/v2\/pages"}],"about":[{"href":"https:\/\/cdpialeman.cl\/index.php?rest_route=\/wp\/v2\/types\/page"}],"author":[{"embeddable":true,"href":"https:\/\/cdpialeman.cl\/index.php?rest_route=\/wp\/v2\/users\/1"}],"replies":[{"embeddable":true,"href":"https:\/\/cdpialeman.cl\/index.php?rest_route=%2Fwp%2Fv2%2Fcomments&post=51"}],"version-history":[{"count":5,"href":"https:\/\/cdpialeman.cl\/index.php?rest_route=\/wp\/v2\/pages\/51\/revisions"}],"predecessor-version":[{"id":535,"href":"https:\/\/cdpialeman.cl\/index.php?rest_route=\/wp\/v2\/pages\/51\/revisions\/535"}],"wp:attachment":[{"href":"https:\/\/cdpialeman.cl\/index.php?rest_route=%2Fwp%2Fv2%2Fmedia&parent=51"}],"curies":[{"name":"wp","href":"https:\/\/api.w.org\/{rel}","templated":true}]}}