{"id":48,"date":"2024-02-27T12:20:43","date_gmt":"2024-02-27T12:20:43","guid":{"rendered":"https:\/\/oscarmardones.com\/?page_id=48"},"modified":"2024-03-21T01:10:12","modified_gmt":"2024-03-21T01:10:12","slug":"historia","status":"publish","type":"page","link":"https:\/\/cdpialeman.cl\/?page_id=48","title":{"rendered":"Historia"},"content":{"rendered":"<div class=\"wp-block-image\">\n<figure class=\"aligncenter size-full\"><img loading=\"lazy\" decoding=\"async\" width=\"300\" height=\"300\" src=\"https:\/\/oscarmardones.com\/wp-content\/uploads\/2024\/02\/Logo.png\" alt=\"\" class=\"wp-image-22\" srcset=\"https:\/\/cdpialeman.cl\/wp-content\/uploads\/2024\/02\/Logo.png 300w, https:\/\/cdpialeman.cl\/wp-content\/uploads\/2024\/02\/Logo-150x150.png 150w\" sizes=\"auto, (max-width: 300px) 100vw, 300px\" \/><\/figure>\n<\/div>\n\n\n<p>El Centro de Padres es la organizaci\u00f3n que representa a los padres y apoderados ante las autoridades del establecimiento. Su misi\u00f3n es abrir caminos para que las familias participen m\u00e1s activamente en la comunidad escolar inspirada en principios, valores e ideales educativos comunes.<\/p>\n\n\n\n<p>El Centro de Padres y Apoderados del Instituto Alem\u00e1n de Puerto Montt (CDP) comienza a operar desde a\u00f1os atr\u00e1s,  pero desde el a\u00f1o 2015, el CDP cuenta con personalidad jur\u00eddica y sus estatutos fueron el resultado de un arduo trabajo de un grupo de apoderados durante el mismo a\u00f1o.<\/p>\n\n\n\n<p>Es una corporaci\u00f3n privada aut\u00f3noma sin fines de lucro, voluntaria que busca trabajar con los padres y para los padres, constituyendo una v\u00eda efectiva que canalice aquellas necesidades e inquietudes que vayan en directo beneficio de sus hijos\/as y relativas al proceso educativo y vida escolar.<\/p>\n\n\n\n<p>Est\u00e1 compuesto por siete directores elegidos por votaci\u00f3n en la asamblea anual de socios por un periodo de dos a\u00f1os que deben velar por la probidad de su rol y funciones.<\/p>\n\n\n\n<p>El CDP est\u00e1 compuesto por un Directorio con 7 integrantes que cumplen las siguientes funciones:<\/p>\n\n\n\n<ul class=\"wp-block-list\">\n<li>Presidente\/a<\/li>\n\n\n\n<li>Vicepresidente\/a<\/li>\n\n\n\n<li>Tesorero\/a<\/li>\n\n\n\n<li>Secretario <\/li>\n\n\n\n<li>Director<\/li>\n\n\n\n<li>Director<\/li>\n\n\n\n<li>Director<\/li>\n\n\n\n<li><\/li>\n<\/ul>\n\n\n\n<p>C\u00f3mo ente central  organizamos actividades para toda la comunidad tales como:<\/p>\n\n\n\n<ul class=\"wp-block-list\">\n<li>Wintertrubel<\/li>\n\n\n\n<li>Weihnachtsmarkt<\/li>\n\n\n\n<li>Olimpiadas de apoderados<\/li>\n\n\n\n<li>Comunicaciones<\/li>\n\n\n\n<li>Entre otros<\/li>\n<\/ul>\n\n\n\n<p>Somos el nexo entre los Padres y Apoderados y el Colegio, por lo que se realizan reuniones peri\u00f3dicas entre:<\/p>\n\n\n\n<ul class=\"wp-block-list\">\n<li>Direcci\u00f3n del Colegio y Equipo CDP<\/li>\n\n\n\n<li>Directorio y Equipo CDP<\/li>\n\n\n\n<li>Departamento de Asuntos Estudiantiles y Equipo CDP<\/li>\n\n\n\n<li>Entre otros.<\/li>\n<\/ul>\n\n\n\n<p>En los \u00faltimos tiempos hemos salido de nuestras fronteras trabajando con entidades externas para fortalecer nuestra comunidad como la participaci\u00f3n en grupo de Centros de Padres de los Colegios Alemanes de Chile.<\/p>\n\n\n\n<ul class=\"wp-block-social-links aligncenter is-layout-flex wp-block-social-links-is-layout-flex\">\n\n<\/ul>\n","protected":false},"excerpt":{"rendered":"<p>El Centro de Padres es la organizaci\u00f3n que representa a los padres y apoderados ante las autoridades del establecimiento. Su misi\u00f3n es abrir caminos para que las familias participen m\u00e1s activamente en la comunidad escolar inspirada en principios, valores e ideales educativos comunes. El Centro de Padres y Apoderados del&hellip;<\/p>\n","protected":false},"author":1,"featured_media":0,"parent":0,"menu_order":1,"comment_status":"closed","ping_status":"closed","template":"","meta":{"footnotes":""},"class_list":["post-48","page","type-page","status-publish","hentry"],"_links":{"self":[{"href":"https:\/\/cdpialeman.cl\/index.php?rest_route=\/wp\/v2\/pages\/48","targetHints":{"allow":["GET"]}}],"collection":[{"href":"https:\/\/cdpialeman.cl\/index.php?rest_route=\/wp\/v2\/pages"}],"about":[{"href":"https:\/\/cdpialeman.cl\/index.php?rest_route=\/wp\/v2\/types\/page"}],"author":[{"embeddable":true,"href":"https:\/\/cdpialeman.cl\/index.php?rest_route=\/wp\/v2\/users\/1"}],"replies":[{"embeddable":true,"href":"https:\/\/cdpialeman.cl\/index.php?rest_route=%2Fwp%2Fv2%2Fcomments&post=48"}],"version-history":[{"count":7,"href":"https:\/\/cdpialeman.cl\/index.php?rest_route=\/wp\/v2\/pages\/48\/revisions"}],"predecessor-version":[{"id":498,"href":"https:\/\/cdpialeman.cl\/index.php?rest_route=\/wp\/v2\/pages\/48\/revisions\/498"}],"wp:attachment":[{"href":"https:\/\/cdpialeman.cl\/index.php?rest_route=%2Fwp%2Fv2%2Fmedia&parent=48"}],"curies":[{"name":"wp","href":"https:\/\/api.w.org\/{rel}","templated":true}]}}