{"id":233,"date":"2024-02-27T19:56:16","date_gmt":"2024-02-27T19:56:16","guid":{"rendered":"https:\/\/oscarmardones.com\/?page_id=233"},"modified":"2024-03-21T01:31:16","modified_gmt":"2024-03-21T01:31:16","slug":"deportes","status":"publish","type":"page","link":"https:\/\/cdpialeman.cl\/?page_id=233","title":{"rendered":"Deportes"},"content":{"rendered":"\n<p>Dentro de los proyectos realizados, se crea la Cancha sector preb\u00e1sica y se organizan las Olimpiadas Colonos del Sur, que esperamos pueda persistir en el tiempo.<\/p>\n\n\n<div class=\"wp-block-image\">\n<figure class=\"aligncenter size-full\"><img loading=\"lazy\" decoding=\"async\" width=\"535\" height=\"536\" src=\"https:\/\/oscarmardones.com\/wp-content\/uploads\/2024\/03\/image-5.png\" alt=\"\" class=\"wp-image-399\" srcset=\"https:\/\/cdpialeman.cl\/wp-content\/uploads\/2024\/03\/image-5.png 535w, https:\/\/cdpialeman.cl\/wp-content\/uploads\/2024\/03\/image-5-300x300.png 300w, https:\/\/cdpialeman.cl\/wp-content\/uploads\/2024\/03\/image-5-150x150.png 150w\" sizes=\"auto, (max-width: 535px) 100vw, 535px\" \/><\/figure>\n<\/div>\n\n\n<p>Buscamos realizar m\u00e1s actividades, como cicletadas (si el clima lo permite) u otras que puedan ser de gran inter\u00e9s para la comunidad.<\/p>\n\n\n\n<p>A futuro, se pretende formar una comisi\u00f3n de deportes del Centro de Padres y Apoderados buscando fomentar las actividades deportivas al interior de la comunidad escolar.<\/p>\n\n\n\n<p>Con esto se busca organizar, apoyar y coordinar eventos y nuevas iniciativas que se presenten desde la Comunidad Escolar, para as\u00ed tender puentes de colaboraci\u00f3n y apoyo con los docentes de Educaci\u00f3n F\u00edsica del Colegio.<\/p>\n\n\n\n<p>Si tienes m\u00e1s ideas o iniciativas, cont\u00e1ctanos a cdp@ialeman.cl.<\/p>\n\n\n\n<p><\/p>\n","protected":false},"excerpt":{"rendered":"<p>Dentro de los proyectos realizados, se crea la Cancha sector preb\u00e1sica y se organizan las Olimpiadas Colonos del Sur, que esperamos pueda persistir en el tiempo. Buscamos realizar m\u00e1s actividades, como cicletadas (si el clima lo permite) u otras que puedan ser de gran inter\u00e9s para la comunidad. A futuro,&hellip;<\/p>\n","protected":false},"author":1,"featured_media":0,"parent":0,"menu_order":0,"comment_status":"closed","ping_status":"closed","template":"","meta":{"footnotes":""},"class_list":["post-233","page","type-page","status-publish","hentry"],"_links":{"self":[{"href":"https:\/\/cdpialeman.cl\/index.php?rest_route=\/wp\/v2\/pages\/233","targetHints":{"allow":["GET"]}}],"collection":[{"href":"https:\/\/cdpialeman.cl\/index.php?rest_route=\/wp\/v2\/pages"}],"about":[{"href":"https:\/\/cdpialeman.cl\/index.php?rest_route=\/wp\/v2\/types\/page"}],"author":[{"embeddable":true,"href":"https:\/\/cdpialeman.cl\/index.php?rest_route=\/wp\/v2\/users\/1"}],"replies":[{"embeddable":true,"href":"https:\/\/cdpialeman.cl\/index.php?rest_route=%2Fwp%2Fv2%2Fcomments&post=233"}],"version-history":[{"count":7,"href":"https:\/\/cdpialeman.cl\/index.php?rest_route=\/wp\/v2\/pages\/233\/revisions"}],"predecessor-version":[{"id":504,"href":"https:\/\/cdpialeman.cl\/index.php?rest_route=\/wp\/v2\/pages\/233\/revisions\/504"}],"wp:attachment":[{"href":"https:\/\/cdpialeman.cl\/index.php?rest_route=%2Fwp%2Fv2%2Fmedia&parent=233"}],"curies":[{"name":"wp","href":"https:\/\/api.w.org\/{rel}","templated":true}]}}