{"id":222,"date":"2024-02-27T17:41:26","date_gmt":"2024-02-27T17:41:26","guid":{"rendered":"https:\/\/oscarmardones.com\/?page_id=222"},"modified":"2024-03-01T01:35:46","modified_gmt":"2024-03-01T01:35:46","slug":"historia-2","status":"publish","type":"page","link":"https:\/\/cdpialeman.cl\/?page_id=222","title":{"rendered":"Historia del Colegio"},"content":{"rendered":"\n<h2 class=\"wp-block-heading\"><strong><mark style=\"background-color:rgba(0, 0, 0, 0)\" class=\"has-inline-color has-vivid-red-color\">Schulgeschichte<\/mark><\/strong><\/h2>\n\n\n\n<p>Un colegio donde sus hijos pudieran estudiar fue una de las principales preocupaciones&nbsp;que manifestaron los colonos alemanes, que desde noviembre de 1852 comenzaron&nbsp;a llegar al astillero de Melipulli, hoy Puerto Montt. Don Vicente P\u00e9rez Rosales, agente de la colonizaci\u00f3n alemana en el sur de Chile&nbsp;y fundador de nuestra ciudad, conocedor de esta inquietud solicit\u00f3 al gobierno&nbsp;la creaci\u00f3n de un establecimiento educacional para los hijos de los inmigrantes.<\/p>\n\n\n\n<p>La petici\u00f3n recibi\u00f3 pronta respuesta pues el Presidente de la Rep\u00fablica&nbsp;don Manuel Montt Torres decret\u00f3 en junio de 1853 la creaci\u00f3n de un colegio&nbsp;para los hijos de los inmigrantes asentados en nuestra ciudad. Don Federico Geisse Hass, profesor de Filosof\u00eda, fue contratado como su preceptor.<\/p>\n\n\n\n<p>A\u00f1os m\u00e1s tarde cuando la mayor\u00eda de las primeras familias de inmigrantes alemanes&nbsp;ya estaban instalados en sus respectivas hijuelas y las que llegaban eran r\u00e1pidamente conducidas a las suyas, se opt\u00f3 por cerrar el colegio del profesor Geisse y utilizar&nbsp;el sistema de la escuela itinerante para entregar educaci\u00f3n a la numerosa poblaci\u00f3n&nbsp;escolar germana que se repart\u00eda en distintos sectores de la Colonia de Llanquihue.<\/p>\n\n\n\n<p>A comienzos de 1860 numerosas familias de inmigrantes optaron por instalarse&nbsp;a vivir en Puerto Montt, sin que ello significara abandonar sus predios.La mayor presencia de poblaci\u00f3n germana en nuestra ciudad explica la creaci\u00f3n&nbsp;de varias instituciones alemanas como el Deutscher Verein (1860)&nbsp;y la Iglesia Luterana (1863), entre otras.1869 fue un a\u00f1o importante para la colonia alemana de nuestra ciudad,pues la comunidad Luterana concretaba un largo anhelo pues lograba obtener ayuda&nbsp;financiera de los socios del Club Alem\u00e1n para fundar una escuela, gesti\u00f3n encabezada&nbsp;por don Conrado Sprenger, socio fundador del mismo club.<\/p>\n\n\n\n<p>Junto a \u00e9l, debemos tambi\u00e9n recordar a otras personalidades que con su valiosa&nbsp;cooperaci\u00f3n hicieron posible la fundaci\u00f3n del Colegio Alem\u00e1n de Puerto Montt,en octubre de 1869. Ellos son: Wilhelm Einfalt, Friedrich Wenderoth, Federico Oelckers,Ludwig Amthauer, Conrado Ditzel, Jorge Grebe, Jakob Ebensperger, Friedrich Francke,Daniel Stange, Friedrich Barkhaus, Jorge Buckle, Augusto Goecke, Herman Francke,Conrad Sprenger y Karl Mart\u00edn, este \u00faltimo m\u00e9dico de la Colonia de Llanquihue.&nbsp;Hacia 1869 nuestra ciudad era descrita de la siguiente forma: \u00abSus calles son rectas&nbsp;y anchas, todas ellas perfectamente niveladas, sus aceras espaciosas y cubiertas&nbsp;con tablones de alerces. Las calles principales son: Varas y Urmeneta, que cruzan&nbsp;la poblaci\u00f3n en toda su longitud.&nbsp;El n\u00famero de casas llegan a 600, todas de madera que dan a la poblaci\u00f3n cierto aire&nbsp;de progreso del que no disponen muchas otras ciudades m\u00e1s antiguas. La poblaci\u00f3n&nbsp;de Puerto Montt pasa de las 2.500 almas, siendo m\u00e1s de 1.000 alemanes,haci\u00e9ndose notar la gran armon\u00eda que existe entre estos y los chilenos\u00bb.<\/p>\n\n\n\n<p>Tras la fundaci\u00f3n del colegio su direcci\u00f3n le fue entregada al pastor Luterano&nbsp;Franz Renz, siendo secundado en su labor docente por el joven Preceptor Bernardo Ellwanger.&nbsp;Las clases comenzaron a ser impartidas en una propiedad del se\u00f1or Jorge Buckle,&nbsp;calle Benavente entre San Mart\u00edn y O\u2019Higgins.<\/p>\n\n\n\n<p>En 1913 el colegio inici\u00f3 sus funciones en el tradicional inmueble de calle Copiap\u00f3&nbsp;hasta que en 1969, con ocasi\u00f3n del Centenario, las actividades acad\u00e9micas comienzan&nbsp;a desarrollarse en las actuales dependencias de calle Bernardo Philippi.<\/p>\n\n\n\n<p class=\"has-text-align-center\">Juan Carlos Vel\u00e1squez Torres<br>Profesor de Historia \u2013 Instituto Alem\u00e1n de Puerto Montt<\/p>\n\n\n<div class=\"wp-block-image\">\n<figure class=\"aligncenter size-large\"><img loading=\"lazy\" decoding=\"async\" width=\"1024\" height=\"288\" src=\"https:\/\/oscarmardones.com\/wp-content\/uploads\/2024\/02\/image-12-1024x288.png\" alt=\"\" class=\"wp-image-331\" srcset=\"https:\/\/cdpialeman.cl\/wp-content\/uploads\/2024\/02\/image-12-1024x288.png 1024w, https:\/\/cdpialeman.cl\/wp-content\/uploads\/2024\/02\/image-12-300x84.png 300w, https:\/\/cdpialeman.cl\/wp-content\/uploads\/2024\/02\/image-12-768x216.png 768w, https:\/\/cdpialeman.cl\/wp-content\/uploads\/2024\/02\/image-12-1536x432.png 1536w, https:\/\/cdpialeman.cl\/wp-content\/uploads\/2024\/02\/image-12.png 1920w\" sizes=\"auto, (max-width: 1024px) 100vw, 1024px\" \/><\/figure>\n<\/div>","protected":false},"excerpt":{"rendered":"<p>Schulgeschichte Un colegio donde sus hijos pudieran estudiar fue una de las principales preocupaciones&nbsp;que manifestaron los colonos alemanes, que desde noviembre de 1852 comenzaron&nbsp;a llegar al astillero de Melipulli, hoy Puerto Montt. Don Vicente P\u00e9rez Rosales, agente de la colonizaci\u00f3n alemana en el sur de Chile&nbsp;y fundador de nuestra ciudad,&hellip;<\/p>\n","protected":false},"author":1,"featured_media":0,"parent":0,"menu_order":0,"comment_status":"closed","ping_status":"closed","template":"","meta":{"footnotes":""},"class_list":["post-222","page","type-page","status-publish","hentry"],"_links":{"self":[{"href":"https:\/\/cdpialeman.cl\/index.php?rest_route=\/wp\/v2\/pages\/222","targetHints":{"allow":["GET"]}}],"collection":[{"href":"https:\/\/cdpialeman.cl\/index.php?rest_route=\/wp\/v2\/pages"}],"about":[{"href":"https:\/\/cdpialeman.cl\/index.php?rest_route=\/wp\/v2\/types\/page"}],"author":[{"embeddable":true,"href":"https:\/\/cdpialeman.cl\/index.php?rest_route=\/wp\/v2\/users\/1"}],"replies":[{"embeddable":true,"href":"https:\/\/cdpialeman.cl\/index.php?rest_route=%2Fwp%2Fv2%2Fcomments&post=222"}],"version-history":[{"count":4,"href":"https:\/\/cdpialeman.cl\/index.php?rest_route=\/wp\/v2\/pages\/222\/revisions"}],"predecessor-version":[{"id":437,"href":"https:\/\/cdpialeman.cl\/index.php?rest_route=\/wp\/v2\/pages\/222\/revisions\/437"}],"wp:attachment":[{"href":"https:\/\/cdpialeman.cl\/index.php?rest_route=%2Fwp%2Fv2%2Fmedia&parent=222"}],"curies":[{"name":"wp","href":"https:\/\/api.w.org\/{rel}","templated":true}]}}