{"id":143,"date":"2024-02-27T15:39:58","date_gmt":"2024-02-27T15:39:58","guid":{"rendered":"https:\/\/oscarmardones.com\/?page_id=143"},"modified":"2024-03-22T20:25:51","modified_gmt":"2024-03-22T20:25:51","slug":"hilfegruppe","status":"publish","type":"page","link":"https:\/\/cdpialeman.cl\/?page_id=143","title":{"rendered":"Hilfegruppe"},"content":{"rendered":"\n<h2 class=\"wp-block-heading\">Acci\u00f3n Social y grupo de apoyo a la comunidad<\/h2>\n\n\n\n<p>Queremos fomentar el apoyo social. Hace unos a\u00f1os se form\u00f3 el grupo de acci\u00f3n social y creemos profundamente que es importante difundir y generar lazos tanto dentro como fuera de nuestro colegio.<\/p>\n\n\n\n<p>Se busca apoyar las actividades solidarias y crear nuevas instancias para que los alumnos puedan conectarse con personas de realidades socioecon\u00f3micas y etarias diferentes.<\/p>\n\n\n\n<p>En este sentido, se realizan diferentes actividades a lo largo del a\u00f1o, a cargo de apoderados del colegio que organizan campa\u00f1as de ropa de invierno, de aseo y de cajas de navidad, entre otras, gestionando posteriormente salidas a terreno con los alumnos, para hacer entrega en diferentes instituciones el producto de dichas campa\u00f1as.<\/p>\n\n\n<div class=\"wp-block-image\">\n<figure class=\"aligncenter size-full\"><img loading=\"lazy\" decoding=\"async\" width=\"640\" height=\"310\" src=\"https:\/\/cdpialeman.cl\/wp-content\/uploads\/2024\/03\/image-18.png\" alt=\"\" class=\"wp-image-553\" srcset=\"https:\/\/cdpialeman.cl\/wp-content\/uploads\/2024\/03\/image-18.png 640w, https:\/\/cdpialeman.cl\/wp-content\/uploads\/2024\/03\/image-18-300x145.png 300w\" sizes=\"auto, (max-width: 640px) 100vw, 640px\" \/><\/figure>\n<\/div>","protected":false},"excerpt":{"rendered":"<p>Acci\u00f3n Social y grupo de apoyo a la comunidad Queremos fomentar el apoyo social. Hace unos a\u00f1os se form\u00f3 el grupo de acci\u00f3n social y creemos profundamente que es importante difundir y generar lazos tanto dentro como fuera de nuestro colegio. Se busca apoyar las actividades solidarias y crear nuevas&hellip;<\/p>\n","protected":false},"author":1,"featured_media":0,"parent":0,"menu_order":0,"comment_status":"closed","ping_status":"closed","template":"","meta":{"footnotes":""},"class_list":["post-143","page","type-page","status-publish","hentry"],"_links":{"self":[{"href":"https:\/\/cdpialeman.cl\/index.php?rest_route=\/wp\/v2\/pages\/143","targetHints":{"allow":["GET"]}}],"collection":[{"href":"https:\/\/cdpialeman.cl\/index.php?rest_route=\/wp\/v2\/pages"}],"about":[{"href":"https:\/\/cdpialeman.cl\/index.php?rest_route=\/wp\/v2\/types\/page"}],"author":[{"embeddable":true,"href":"https:\/\/cdpialeman.cl\/index.php?rest_route=\/wp\/v2\/users\/1"}],"replies":[{"embeddable":true,"href":"https:\/\/cdpialeman.cl\/index.php?rest_route=%2Fwp%2Fv2%2Fcomments&post=143"}],"version-history":[{"count":4,"href":"https:\/\/cdpialeman.cl\/index.php?rest_route=\/wp\/v2\/pages\/143\/revisions"}],"predecessor-version":[{"id":554,"href":"https:\/\/cdpialeman.cl\/index.php?rest_route=\/wp\/v2\/pages\/143\/revisions\/554"}],"wp:attachment":[{"href":"https:\/\/cdpialeman.cl\/index.php?rest_route=%2Fwp%2Fv2%2Fmedia&parent=143"}],"curies":[{"name":"wp","href":"https:\/\/api.w.org\/{rel}","templated":true}]}}