{"id":140,"date":"2024-02-27T15:39:18","date_gmt":"2024-02-27T15:39:18","guid":{"rendered":"https:\/\/oscarmardones.com\/?page_id=140"},"modified":"2024-03-22T20:30:18","modified_gmt":"2024-03-22T20:30:18","slug":"reciclaje-e-invernadero","status":"publish","type":"page","link":"https:\/\/cdpialeman.cl\/?page_id=140","title":{"rendered":"Sustentabilidad"},"content":{"rendered":"\n<h2 class=\"wp-block-heading\">Invernadero y Reciclaje<\/h2>\n\n\n\n<p>Tenemos como objetivo promover la cultura y conciencia ecol\u00f3gica dentro del colegio, as\u00ed como fomentar la participaci\u00f3n y responsabilidad de todos en el cuidado del medio ambiente. Para esto queremos formar nuevas comisiones que se preocupen de estos temas.<\/p>\n\n\n\n<p>Anteriormente se realizaron proyectos de reciclaje, como el proyecto de un invernadero para preb\u00e1sica.<\/p>\n\n\n\n<p>Se busca realizar y fomentar actividades como:<\/p>\n\n\n\n<ul class=\"wp-block-list\">\n<li>Actividades ecol\u00f3gicas para los ni\u00f1os de preb\u00e1sica.<\/li>\n\n\n\n<li>Desayunos saludables.<\/li>\n\n\n\n<li>Hermoseamiento de jardines.<\/li>\n\n\n\n<li>Celebraci\u00f3n D\u00eda Mundial del Medio Ambiente, D\u00eda del Agua, etc.<\/li>\n\n\n\n<li>Creaci\u00f3n y mantenci\u00f3n de invernadero.<\/li>\n\n\n\n<li>Otros.<\/li>\n<\/ul>\n\n\n\n<p>Si quieres comunicarte con nosotros y te interesa apoyarnos, escribe a:&nbsp;cdp@ialeman.cl <\/p>\n\n\n\n<figure class=\"wp-block-image size-large\"><img loading=\"lazy\" decoding=\"async\" width=\"1024\" height=\"648\" src=\"https:\/\/cdpialeman.cl\/wp-content\/uploads\/2024\/03\/image-22-1024x648.png\" alt=\"\" class=\"wp-image-563\" srcset=\"https:\/\/cdpialeman.cl\/wp-content\/uploads\/2024\/03\/image-22-1024x648.png 1024w, https:\/\/cdpialeman.cl\/wp-content\/uploads\/2024\/03\/image-22-300x190.png 300w, https:\/\/cdpialeman.cl\/wp-content\/uploads\/2024\/03\/image-22-768x486.png 768w, https:\/\/cdpialeman.cl\/wp-content\/uploads\/2024\/03\/image-22.png 1280w\" sizes=\"auto, (max-width: 1024px) 100vw, 1024px\" \/><\/figure>\n","protected":false},"excerpt":{"rendered":"<p>Invernadero y Reciclaje Tenemos como objetivo promover la cultura y conciencia ecol\u00f3gica dentro del colegio, as\u00ed como fomentar la participaci\u00f3n y responsabilidad de todos en el cuidado del medio ambiente. Para esto queremos formar nuevas comisiones que se preocupen de estos temas. Anteriormente se realizaron proyectos de reciclaje, como el&hellip;<\/p>\n","protected":false},"author":1,"featured_media":0,"parent":0,"menu_order":0,"comment_status":"closed","ping_status":"closed","template":"","meta":{"footnotes":""},"class_list":["post-140","page","type-page","status-publish","hentry"],"_links":{"self":[{"href":"https:\/\/cdpialeman.cl\/index.php?rest_route=\/wp\/v2\/pages\/140","targetHints":{"allow":["GET"]}}],"collection":[{"href":"https:\/\/cdpialeman.cl\/index.php?rest_route=\/wp\/v2\/pages"}],"about":[{"href":"https:\/\/cdpialeman.cl\/index.php?rest_route=\/wp\/v2\/types\/page"}],"author":[{"embeddable":true,"href":"https:\/\/cdpialeman.cl\/index.php?rest_route=\/wp\/v2\/users\/1"}],"replies":[{"embeddable":true,"href":"https:\/\/cdpialeman.cl\/index.php?rest_route=%2Fwp%2Fv2%2Fcomments&post=140"}],"version-history":[{"count":4,"href":"https:\/\/cdpialeman.cl\/index.php?rest_route=\/wp\/v2\/pages\/140\/revisions"}],"predecessor-version":[{"id":564,"href":"https:\/\/cdpialeman.cl\/index.php?rest_route=\/wp\/v2\/pages\/140\/revisions\/564"}],"wp:attachment":[{"href":"https:\/\/cdpialeman.cl\/index.php?rest_route=%2Fwp%2Fv2%2Fmedia&parent=140"}],"curies":[{"name":"wp","href":"https:\/\/api.w.org\/{rel}","templated":true}]}}