{"id":126,"date":"2024-02-27T15:36:18","date_gmt":"2024-02-27T15:36:18","guid":{"rendered":"https:\/\/oscarmardones.com\/?page_id=126"},"modified":"2024-03-22T20:18:19","modified_gmt":"2024-03-22T20:18:19","slug":"bingo","status":"publish","type":"page","link":"https:\/\/cdpialeman.cl\/?page_id=126","title":{"rendered":"Bingo"},"content":{"rendered":"\n<p>Buscamos realizar un bingo, donde pueda participar toda la comunidad.<\/p>\n\n\n\n<p>Este Bingo busca instaurar una nueva tradici\u00f3n para compartir y apoyar a los cursos que est\u00e1n reuniendo recursos para sus pr\u00f3ximas giras o intercambios de estudio.<\/p>\n\n\n\n<p>Pronto comunicaremos novedades. <\/p>\n\n\n\n<figure class=\"wp-block-image size-large\"><img loading=\"lazy\" decoding=\"async\" width=\"1024\" height=\"576\" src=\"https:\/\/cdpialeman.cl\/wp-content\/uploads\/2024\/03\/image-11-1024x576.png\" alt=\"\" class=\"wp-image-536\" srcset=\"https:\/\/cdpialeman.cl\/wp-content\/uploads\/2024\/03\/image-11-1024x576.png 1024w, https:\/\/cdpialeman.cl\/wp-content\/uploads\/2024\/03\/image-11-300x169.png 300w, https:\/\/cdpialeman.cl\/wp-content\/uploads\/2024\/03\/image-11-768x432.png 768w, https:\/\/cdpialeman.cl\/wp-content\/uploads\/2024\/03\/image-11-1536x864.png 1536w, https:\/\/cdpialeman.cl\/wp-content\/uploads\/2024\/03\/image-11.png 1920w\" sizes=\"auto, (max-width: 1024px) 100vw, 1024px\" \/><\/figure>\n","protected":false},"excerpt":{"rendered":"<p>Buscamos realizar un bingo, donde pueda participar toda la comunidad. Este Bingo busca instaurar una nueva tradici\u00f3n para compartir y apoyar a los cursos que est\u00e1n reuniendo recursos para sus pr\u00f3ximas giras o intercambios de estudio. Pronto comunicaremos novedades.<\/p>\n","protected":false},"author":1,"featured_media":0,"parent":0,"menu_order":0,"comment_status":"closed","ping_status":"closed","template":"","meta":{"footnotes":""},"class_list":["post-126","page","type-page","status-publish","hentry"],"_links":{"self":[{"href":"https:\/\/cdpialeman.cl\/index.php?rest_route=\/wp\/v2\/pages\/126","targetHints":{"allow":["GET"]}}],"collection":[{"href":"https:\/\/cdpialeman.cl\/index.php?rest_route=\/wp\/v2\/pages"}],"about":[{"href":"https:\/\/cdpialeman.cl\/index.php?rest_route=\/wp\/v2\/types\/page"}],"author":[{"embeddable":true,"href":"https:\/\/cdpialeman.cl\/index.php?rest_route=\/wp\/v2\/users\/1"}],"replies":[{"embeddable":true,"href":"https:\/\/cdpialeman.cl\/index.php?rest_route=%2Fwp%2Fv2%2Fcomments&post=126"}],"version-history":[{"count":4,"href":"https:\/\/cdpialeman.cl\/index.php?rest_route=\/wp\/v2\/pages\/126\/revisions"}],"predecessor-version":[{"id":537,"href":"https:\/\/cdpialeman.cl\/index.php?rest_route=\/wp\/v2\/pages\/126\/revisions\/537"}],"wp:attachment":[{"href":"https:\/\/cdpialeman.cl\/index.php?rest_route=%2Fwp%2Fv2%2Fmedia&parent=126"}],"curies":[{"name":"wp","href":"https:\/\/api.w.org\/{rel}","templated":true}]}}