{"id":120,"date":"2024-02-27T15:35:51","date_gmt":"2024-02-27T15:35:51","guid":{"rendered":"https:\/\/oscarmardones.com\/?page_id=120"},"modified":"2024-03-22T20:19:48","modified_gmt":"2024-03-22T20:19:48","slug":"charlas-de-formacion","status":"publish","type":"page","link":"https:\/\/cdpialeman.cl\/?page_id=120","title":{"rendered":"Charlas de formaci\u00f3n"},"content":{"rendered":"\n<p>Enmarcados en la convivencia escolar, cuidado de la salud mental, formaci\u00f3n integral, entre otros, es que realizamos en conjunto con el colegio, diferentes ciclos de charlas de formaci\u00f3n, para estudiantes, padres y apoderados, con el fin de promover la salud mental en conjunto con la crianza de los ni\u00f1os, ni\u00f1as y adolescentes.<\/p>\n\n\n\n<p>Dentro de los principales temas tratados para prevenir conductas de riesgo, se encuentran<\/p>\n\n\n\n<ul class=\"wp-block-list\">\n<li>Fortalecimiento de v\u00ednculos Padres-Hijos.<\/li>\n\n\n\n<li>Formaci\u00f3n para la prevenci\u00f3n de consumo de drogas.<\/li>\n\n\n\n<li>Prevenci\u00f3n de delitos y responsabilidad civil.<\/li>\n\n\n\n<li>Salud mental.<\/li>\n\n\n\n<li>Prevenci\u00f3n de Bullying.<\/li>\n<\/ul>\n\n\n\n<figure class=\"wp-block-image size-large\"><img loading=\"lazy\" decoding=\"async\" width=\"918\" height=\"1024\" src=\"https:\/\/cdpialeman.cl\/wp-content\/uploads\/2024\/03\/image-12-918x1024.png\" alt=\"\" class=\"wp-image-541\" srcset=\"https:\/\/cdpialeman.cl\/wp-content\/uploads\/2024\/03\/image-12-918x1024.png 918w, https:\/\/cdpialeman.cl\/wp-content\/uploads\/2024\/03\/image-12-269x300.png 269w, https:\/\/cdpialeman.cl\/wp-content\/uploads\/2024\/03\/image-12-768x857.png 768w, https:\/\/cdpialeman.cl\/wp-content\/uploads\/2024\/03\/image-12.png 1008w\" sizes=\"auto, (max-width: 918px) 100vw, 918px\" \/><\/figure>\n","protected":false},"excerpt":{"rendered":"<p>Enmarcados en la convivencia escolar, cuidado de la salud mental, formaci\u00f3n integral, entre otros, es que realizamos en conjunto con el colegio, diferentes ciclos de charlas de formaci\u00f3n, para estudiantes, padres y apoderados, con el fin de promover la salud mental en conjunto con la crianza de los ni\u00f1os, ni\u00f1as&hellip;<\/p>\n","protected":false},"author":1,"featured_media":0,"parent":0,"menu_order":0,"comment_status":"closed","ping_status":"closed","template":"","meta":{"footnotes":""},"class_list":["post-120","page","type-page","status-publish","hentry"],"_links":{"self":[{"href":"https:\/\/cdpialeman.cl\/index.php?rest_route=\/wp\/v2\/pages\/120","targetHints":{"allow":["GET"]}}],"collection":[{"href":"https:\/\/cdpialeman.cl\/index.php?rest_route=\/wp\/v2\/pages"}],"about":[{"href":"https:\/\/cdpialeman.cl\/index.php?rest_route=\/wp\/v2\/types\/page"}],"author":[{"embeddable":true,"href":"https:\/\/cdpialeman.cl\/index.php?rest_route=\/wp\/v2\/users\/1"}],"replies":[{"embeddable":true,"href":"https:\/\/cdpialeman.cl\/index.php?rest_route=%2Fwp%2Fv2%2Fcomments&post=120"}],"version-history":[{"count":6,"href":"https:\/\/cdpialeman.cl\/index.php?rest_route=\/wp\/v2\/pages\/120\/revisions"}],"predecessor-version":[{"id":542,"href":"https:\/\/cdpialeman.cl\/index.php?rest_route=\/wp\/v2\/pages\/120\/revisions\/542"}],"wp:attachment":[{"href":"https:\/\/cdpialeman.cl\/index.php?rest_route=%2Fwp%2Fv2%2Fmedia&parent=120"}],"curies":[{"name":"wp","href":"https:\/\/api.w.org\/{rel}","templated":true}]}}