{"id":117,"date":"2024-02-27T15:35:33","date_gmt":"2024-02-27T15:35:33","guid":{"rendered":"https:\/\/oscarmardones.com\/?page_id=117"},"modified":"2024-03-21T01:43:48","modified_gmt":"2024-03-21T01:43:48","slug":"weihnachtsmarkt","status":"publish","type":"page","link":"https:\/\/cdpialeman.cl\/?page_id=117","title":{"rendered":"Weihnachtsmarkt"},"content":{"rendered":"\n<figure class=\"wp-block-image size-large\"><img loading=\"lazy\" decoding=\"async\" width=\"697\" height=\"1024\" src=\"https:\/\/oscarmardones.com\/wp-content\/uploads\/2024\/02\/Afiche_Weihnachten_2023-697x1024.jpg\" alt=\"\" class=\"wp-image-17\" srcset=\"https:\/\/cdpialeman.cl\/wp-content\/uploads\/2024\/02\/Afiche_Weihnachten_2023-697x1024.jpg 697w, https:\/\/cdpialeman.cl\/wp-content\/uploads\/2024\/02\/Afiche_Weihnachten_2023-204x300.jpg 204w, https:\/\/cdpialeman.cl\/wp-content\/uploads\/2024\/02\/Afiche_Weihnachten_2023-768x1128.jpg 768w, https:\/\/cdpialeman.cl\/wp-content\/uploads\/2024\/02\/Afiche_Weihnachten_2023-1046x1536.jpg 1046w, https:\/\/cdpialeman.cl\/wp-content\/uploads\/2024\/02\/Afiche_Weihnachten_2023-1395x2048.jpg 1395w, https:\/\/cdpialeman.cl\/wp-content\/uploads\/2024\/02\/Afiche_Weihnachten_2023-scaled.jpg 1743w\" sizes=\"auto, (max-width: 697px) 100vw, 697px\" \/><\/figure>\n\n\n\n<p>Todos los a\u00f1os realizamos nuestra tradicional Weihnachtsmart, donde todos los apoderados pueden participar con su Stand vendiendo diferentes productos. El foco es poder compartir un d\u00eda de manera diferente, buscar regalos significativos para navidad, y fomentar el emprendimiento de nuestros apoderados, estudiantes, profesores y auxiliares.<\/p>\n\n\n\n<p>Este a\u00f1o debes estar atento para poder inscribirte a tiempo y revisar las condiciones que debe tener el stand. Tambi\u00e9n si eres asistente, para poder tener informaci\u00f3n de horarios y fechas.<\/p>\n\n\n\n<p>\u00a1Contamos con tu apoyo!<\/p>\n","protected":false},"excerpt":{"rendered":"<p>Todos los a\u00f1os realizamos nuestra tradicional Weihnachtsmart, donde todos los apoderados pueden participar con su Stand vendiendo diferentes productos. El foco es poder compartir un d\u00eda de manera diferente, buscar regalos significativos para navidad, y fomentar el emprendimiento de nuestros apoderados, estudiantes, profesores y auxiliares. Este a\u00f1o debes estar atento&hellip;<\/p>\n","protected":false},"author":1,"featured_media":0,"parent":0,"menu_order":0,"comment_status":"closed","ping_status":"closed","template":"","meta":{"footnotes":""},"class_list":["post-117","page","type-page","status-publish","hentry"],"_links":{"self":[{"href":"https:\/\/cdpialeman.cl\/index.php?rest_route=\/wp\/v2\/pages\/117","targetHints":{"allow":["GET"]}}],"collection":[{"href":"https:\/\/cdpialeman.cl\/index.php?rest_route=\/wp\/v2\/pages"}],"about":[{"href":"https:\/\/cdpialeman.cl\/index.php?rest_route=\/wp\/v2\/types\/page"}],"author":[{"embeddable":true,"href":"https:\/\/cdpialeman.cl\/index.php?rest_route=\/wp\/v2\/users\/1"}],"replies":[{"embeddable":true,"href":"https:\/\/cdpialeman.cl\/index.php?rest_route=%2Fwp%2Fv2%2Fcomments&post=117"}],"version-history":[{"count":4,"href":"https:\/\/cdpialeman.cl\/index.php?rest_route=\/wp\/v2\/pages\/117\/revisions"}],"predecessor-version":[{"id":513,"href":"https:\/\/cdpialeman.cl\/index.php?rest_route=\/wp\/v2\/pages\/117\/revisions\/513"}],"wp:attachment":[{"href":"https:\/\/cdpialeman.cl\/index.php?rest_route=%2Fwp%2Fv2%2Fmedia&parent=117"}],"curies":[{"name":"wp","href":"https:\/\/api.w.org\/{rel}","templated":true}]}}