{"id":105,"date":"2024-02-27T15:34:30","date_gmt":"2024-02-27T15:34:30","guid":{"rendered":"https:\/\/oscarmardones.com\/?page_id=105"},"modified":"2024-03-22T20:27:51","modified_gmt":"2024-03-22T20:27:51","slug":"libreria-comunitaria","status":"publish","type":"page","link":"https:\/\/cdpialeman.cl\/?page_id=105","title":{"rendered":"Librer\u00eda comunitaria"},"content":{"rendered":"\n<p>So\u00f1amos con tener una biblioteca comunitaria, como las que existen en Alemania. <\/p>\n\n\n\n<p>Ser\u00e1 posible leer libros en horarios libres o sin clases, o llevar un libro y traer otro en su lugar, s\u00f3lo bajo un pr\u00e9stamo consciente.<\/p>\n\n\n\n<p>Por ahora estamos gestionando espacios y proyectando ideas para lograrlo.<\/p>\n\n\n\n<p>Se avisar\u00e1 oportunamente si el proyecto es viable, y si tienes ideas, \u00a1ap\u00f3yanos!<\/p>\n\n\n<div class=\"wp-block-image\">\n<figure class=\"aligncenter size-full\"><img loading=\"lazy\" decoding=\"async\" width=\"417\" height=\"626\" src=\"https:\/\/cdpialeman.cl\/wp-content\/uploads\/2024\/03\/image-20.png\" alt=\"\" class=\"wp-image-557\" srcset=\"https:\/\/cdpialeman.cl\/wp-content\/uploads\/2024\/03\/image-20.png 417w, https:\/\/cdpialeman.cl\/wp-content\/uploads\/2024\/03\/image-20-200x300.png 200w\" sizes=\"auto, (max-width: 417px) 100vw, 417px\" \/><\/figure>\n<\/div>","protected":false},"excerpt":{"rendered":"<p>So\u00f1amos con tener una biblioteca comunitaria, como las que existen en Alemania. Ser\u00e1 posible leer libros en horarios libres o sin clases, o llevar un libro y traer otro en su lugar, s\u00f3lo bajo un pr\u00e9stamo consciente. Por ahora estamos gestionando espacios y proyectando ideas para lograrlo. Se avisar\u00e1 oportunamente&hellip;<\/p>\n","protected":false},"author":1,"featured_media":0,"parent":0,"menu_order":0,"comment_status":"closed","ping_status":"closed","template":"","meta":{"footnotes":""},"class_list":["post-105","page","type-page","status-publish","hentry"],"_links":{"self":[{"href":"https:\/\/cdpialeman.cl\/index.php?rest_route=\/wp\/v2\/pages\/105","targetHints":{"allow":["GET"]}}],"collection":[{"href":"https:\/\/cdpialeman.cl\/index.php?rest_route=\/wp\/v2\/pages"}],"about":[{"href":"https:\/\/cdpialeman.cl\/index.php?rest_route=\/wp\/v2\/types\/page"}],"author":[{"embeddable":true,"href":"https:\/\/cdpialeman.cl\/index.php?rest_route=\/wp\/v2\/users\/1"}],"replies":[{"embeddable":true,"href":"https:\/\/cdpialeman.cl\/index.php?rest_route=%2Fwp%2Fv2%2Fcomments&post=105"}],"version-history":[{"count":6,"href":"https:\/\/cdpialeman.cl\/index.php?rest_route=\/wp\/v2\/pages\/105\/revisions"}],"predecessor-version":[{"id":558,"href":"https:\/\/cdpialeman.cl\/index.php?rest_route=\/wp\/v2\/pages\/105\/revisions\/558"}],"wp:attachment":[{"href":"https:\/\/cdpialeman.cl\/index.php?rest_route=%2Fwp%2Fv2%2Fmedia&parent=105"}],"curies":[{"name":"wp","href":"https:\/\/api.w.org\/{rel}","templated":true}]}}